{"id":152,"date":"2016-03-14T17:33:37","date_gmt":"2016-03-14T16:33:37","guid":{"rendered":"http:\/\/bgr-ab-mil.de\/?page_id=152"},"modified":"2026-03-16T22:02:30","modified_gmt":"2026-03-16T21:02:30","slug":"peter-gingold","status":"publish","type":"page","link":"http:\/\/bgr-ab-mil.de\/?page_id=152","title":{"rendered":"Peter Gingold"},"content":{"rendered":"<div class=\"entry-content\">\n<p><a href=\"http:\/\/bgr-ab-mil.de\/wp-content\/uploads\/2016\/03\/Peter-Gunnar-JuKuZAB2005sm.jpg\" rel=\"attachment wp-att-157\"><img loading=\"lazy\" decoding=\"async\" class=\"alignnone size-medium wp-image-157\" src=\"http:\/\/bgr-ab-mil.de\/wp-content\/uploads\/2016\/03\/Peter-Gunnar-JuKuZAB2005sm-300x225.jpg\" alt=\"Peter-Gunnar-JuKuZAB2005sm\" width=\"300\" height=\"225\" srcset=\"http:\/\/bgr-ab-mil.de\/wp-content\/uploads\/2016\/03\/Peter-Gunnar-JuKuZAB2005sm-300x225.jpg 300w, http:\/\/bgr-ab-mil.de\/wp-content\/uploads\/2016\/03\/Peter-Gunnar-JuKuZAB2005sm-768x576.jpg 768w, http:\/\/bgr-ab-mil.de\/wp-content\/uploads\/2016\/03\/Peter-Gunnar-JuKuZAB2005sm.jpg 800w\" sizes=\"auto, (max-width: 300px) 100vw, 300px\" \/><\/a> Peter Gingold, Aschaffenburg, JuKuZ, 24.11.2005<\/p>\n<p>\u201eNie wieder Faschismus \u2013 Nie wieder Krieg!\u201c \u2013 dies war die Maxime, die Peter Gingold nie aufgab. Am 8. M\u00e4rz 1916 als Sohn einer aus Polen emigrierten ju\u0308dischen Familie in Aschaffenburg geboren, zog seine Famile Ende der 20er Jahre nach Frankfurt. Peter organisierte sich fr\u00fch im kommunistischen Jugendverband. Mit der \u00dcbergabe der Macht an die Faschisten floh seine Familie 1933 nach Frankreich. Auch Peter folgte &#8211; gezwungenerma\u00dfen &#8211; bald, schloss sich dort der Resistance an und geriet in die F\u00e4nge der Gestapo. Es gelang ihm, seine Folterknechte zu \u00fcbert\u00f6lpeln und durch einen Pariser Hinterhof am Boulevard St. Martin zu entkommen. Nachdem er sich durch die Unterst\u00fctzung seiner Frau Ettie Gingold und anderer Widerstandsgenossen von den Strapazen aus Haft und Folter erholt hatte, kehrte er in die Resistance zur\u00fcck und nahm am Aufstand zur Befreiung von Paris teil. Er erlebte die Befreiung vom Faschismus und das Kriegsende w\u00e4hrend eines Partisaneneinsatzes in Norditalien.<br \/>\nDen aus der Emigration zur\u00fcckgekehrten Gingolds wurde lange Jahre die deutsche Staatsb\u00fcrgerschaft verweigert. Zusammen mit seiner Frau Ettie setzte sich Peter vehement gegen Wiederbewaffnung und sp\u00e4ter gegen die Stationierung von Atomraketen ein.<br \/>\n2004 wurde ihm in Berlin gemeinsam mit Esther Bejarano, Percy MacLean und Martin L\u00f6wenberg von der Internationalen Liga f\u00fcr Menschenrechte die Carl-von-Ossietzky-Medaille verliehen.<br \/>\n<a href=\"http:\/\/bgr-ab-mil.de\/wp-content\/uploads\/2016\/03\/Peter-20021109_AB.jpg\" rel=\"attachment wp-att-155\"><img loading=\"lazy\" decoding=\"async\" class=\"alignnone size-medium wp-image-155\" src=\"http:\/\/bgr-ab-mil.de\/wp-content\/uploads\/2016\/03\/Peter-20021109_AB-300x226.jpg\" alt=\"Peter-20021109_AB\" width=\"300\" height=\"226\" srcset=\"http:\/\/bgr-ab-mil.de\/wp-content\/uploads\/2016\/03\/Peter-20021109_AB-300x226.jpg 300w, http:\/\/bgr-ab-mil.de\/wp-content\/uploads\/2016\/03\/Peter-20021109_AB.jpg 500w\" sizes=\"auto, (max-width: 300px) 100vw, 300px\" \/><br \/>\nPeter Gingold, 9. November 2002, Aschaffenburg, Wolfsthalplatz<\/a><\/p>\n<p><a href=\"http:\/\/bgr-ab-mil.de\/wp-content\/uploads\/2016\/03\/pg1_jukuz020707.jpg\" rel=\"attachment wp-att-163\"><img loading=\"lazy\" decoding=\"async\" class=\"alignnone size-medium wp-image-163\" src=\"http:\/\/bgr-ab-mil.de\/wp-content\/uploads\/2016\/03\/pg1_jukuz020707-300x198.jpg\" alt=\"pg1_jukuz020707\" width=\"300\" height=\"198\" srcset=\"http:\/\/bgr-ab-mil.de\/wp-content\/uploads\/2016\/03\/pg1_jukuz020707-300x198.jpg 300w, http:\/\/bgr-ab-mil.de\/wp-content\/uploads\/2016\/03\/pg1_jukuz020707.jpg 543w\" sizes=\"auto, (max-width: 300px) 100vw, 300px\" \/><\/a><a href=\"http:\/\/bgr-ab-mil.de\/wp-content\/uploads\/2016\/03\/pg1_jukuz020707.jpg\" rel=\"attachment wp-att-156\"><br \/>\nPeter Gingold bei der attac-Jugend, JuKuZ, 07.07.2002<\/a><\/p>\n<p>Die Lehren seines Kampfes gegen den Faschismus, die Notwendigkeit eines entschlossenen Zusammenstehens gegen jedwede faschistische Entwicklung, vermittelte er als Zeitzeuge vor ungeza\u0308hlten Schulklassen und Jugendgruppen, auf Demonstrationen und Kundgebungen im ganzen Land. Wo auch immer er gebraucht wurde, war er zur Stelle, sehr gerne und oft auch in seiner Geburtsstadt Aschaffenburg, sei es als Redner am Ostermarsch, am 9. November auf dem Wolfsthalplatz oder zum Gespr\u00e4ch im Jugend- und Kulturzentrum.<\/p>\n<p>Das B\u00fcndnis gegen Rechts lud am 8. M\u00e4rz 2016 Antifaschstinnen und Antifaschisten, Friedensbewegte und DemokratInnen zu einer kleinen Gedenkfeier in die Heinsestra\u00dfe <strong>vor den Eingang zu Haus Nr. 3 ein. <\/strong>Umrahmt von kulturellen Beitr\u00e4gen wurde dort eine <strong><a href=\"http:\/\/bgr-ab-mil.de\/wp-content\/uploads\/2016\/03\/Tafel-Peter-Gingold-1.pdf\">Gedenktafel<\/a><\/strong> angebracht.<\/p>\n<p><a href=\"http:\/\/bgr-ab-mil.de\/wp-content\/uploads\/2016\/03\/IMG_6412.jpg\" rel=\"attachment wp-att-149\"><img loading=\"lazy\" decoding=\"async\" class=\"alignnone size-medium wp-image-149\" src=\"http:\/\/bgr-ab-mil.de\/wp-content\/uploads\/2016\/03\/IMG_6412-300x225.jpg\" alt=\"IMG_6412\" width=\"300\" height=\"225\" srcset=\"http:\/\/bgr-ab-mil.de\/wp-content\/uploads\/2016\/03\/IMG_6412-300x225.jpg 300w, http:\/\/bgr-ab-mil.de\/wp-content\/uploads\/2016\/03\/IMG_6412-768x576.jpg 768w, http:\/\/bgr-ab-mil.de\/wp-content\/uploads\/2016\/03\/IMG_6412-1024x768.jpg 1024w, http:\/\/bgr-ab-mil.de\/wp-content\/uploads\/2016\/03\/IMG_6412.jpg 1632w\" sizes=\"auto, (max-width: 300px) 100vw, 300px\" \/><\/a><\/p>\n<ol>\n<li>R. Frankl er\u00f6ffnete die Gedenkfeier mit der Hymne der Resistance, Le Chant de Partisans. Er hatte dazu den Text ins Deutsche \u00fcbertragen.<\/li>\n<li><strong>\u00a0<a href=\"http:\/\/bgr-ab-mil.de\/wp-content\/uploads\/2016\/03\/Peter_Gingold_100_Redebeitrag_Buettner.pdf\" rel=\"\">Peter_Gingold_100_Redebeitrag_Buettner<\/a><\/strong><\/li>\n<li>R. Frankl:<audio class=\"wp-audio-shortcode\" id=\"audio-152-1\" preload=\"none\" style=\"width: 100%;\" controls=\"controls\"><source type=\"audio\/mpeg\" src=\"http:\/\/bgr-ab-mil.de\/wp-content\/uploads\/2016\/03\/pierre_eternel.mp3?_=1\" \/><a href=\"http:\/\/bgr-ab-mil.de\/wp-content\/uploads\/2016\/03\/pierre_eternel.mp3\">http:\/\/bgr-ab-mil.de\/wp-content\/uploads\/2016\/03\/pierre_eternel.mp3<\/a><\/audio>\n<p>Pierre eternel oder die Ballade von den sechs Sinnen. Text r.f., Melodie nach einem Chanson von G. Brassens.<\/li>\n<li><a href=\"http:\/\/bgr-ab-mil.de\/wp-content\/uploads\/2016\/03\/Ansprache_PG20160308_rf.pdf\" rel=\"\">Ansprache_PG20160308_rf<\/a><\/li>\n<li>Schlusslied: &#8222;Rosen auf den Weg gestreut&#8220; von Kurt Tucholsky<\/li>\n<\/ol>\n<p class=\"entry-title\"><strong>MAIN-ECHO: <a href=\"http:\/\/www.main-echo.de\/regional\/stadt-kreis-aschaffenburg\/art4012,4019498\" target=\"_blank\" rel=\"noopener noreferrer\">Mit Texten und Musik an j\u00fcdischen Widerstandsk\u00e4mpfer erinnert<\/a><\/strong><\/p>\n<p class=\"entry-title\"><strong><a href=\"http:\/\/www.main.tv\/mediathek\/page\/9\/video\/gedenktafel-fuer-aschaffenburger-widerstandskaempfer-peter-gingold\" target=\"_blank\" rel=\"noopener noreferrer\">main.tv: Gedenktafel f\u00fcr Aschaffenburger Widerstandsk\u00e4mpfer Peter Gingold<\/a><\/strong><\/p>\n<p>Am 13. M\u00e4rz 2016 von 11 Uhr \u2013 13 Uhr wurde im Haus Gallus, Frankenallee 111, 60326 Frankfurt am Main eine Matinee zum 100. Geburtstag von Peter Gingold gegeben.<\/p>\n<p>Bericht des Gie\u00dfener &#8222;B\u00fcndnis gegen Rechts&#8220;: <a href=\"http:\/\/www.giessener-zeitung.de\/giessen\/beitrag\/110344\/matinee-zum-100-geburtstag-von-peter-gingold\/\" target=\"_blank\" rel=\"noopener noreferrer\">http:\/\/www.giessener-zeitung.de\/giessen\/beitrag\/110344\/matinee-zum-100-geburtstag-von-peter-gingold\/<\/a><\/p>\n<p><a href=\"http:\/\/bgr-ab-mil.de\/wp-content\/uploads\/2016\/03\/DSC_0409.jpg\" rel=\"attachment wp-att-147\"><img loading=\"lazy\" decoding=\"async\" class=\"alignnone size-medium wp-image-147\" src=\"http:\/\/bgr-ab-mil.de\/wp-content\/uploads\/2016\/03\/DSC_0409-300x169.jpg\" alt=\"DSC_0409\" width=\"300\" height=\"169\" srcset=\"http:\/\/bgr-ab-mil.de\/wp-content\/uploads\/2016\/03\/DSC_0409-300x169.jpg 300w, http:\/\/bgr-ab-mil.de\/wp-content\/uploads\/2016\/03\/DSC_0409-768x432.jpg 768w, http:\/\/bgr-ab-mil.de\/wp-content\/uploads\/2016\/03\/DSC_0409-1024x576.jpg 1024w\" sizes=\"auto, (max-width: 300px) 100vw, 300px\" \/><\/a><br \/>\nAnsprache von Siegmund Gingold &#8211; Foto r.f.<\/p>\n<p><a href=\"http:\/\/bgr-ab-mil.de\/wp-content\/uploads\/2016\/03\/DSC_0414.jpg\" rel=\"attachment wp-att-148\"><img loading=\"lazy\" decoding=\"async\" class=\"alignnone size-medium wp-image-148\" src=\"http:\/\/bgr-ab-mil.de\/wp-content\/uploads\/2016\/03\/DSC_0414-300x169.jpg\" alt=\"DSC_0414\" width=\"300\" height=\"169\" srcset=\"http:\/\/bgr-ab-mil.de\/wp-content\/uploads\/2016\/03\/DSC_0414-300x169.jpg 300w, http:\/\/bgr-ab-mil.de\/wp-content\/uploads\/2016\/03\/DSC_0414-768x432.jpg 768w, http:\/\/bgr-ab-mil.de\/wp-content\/uploads\/2016\/03\/DSC_0414-1024x576.jpg 1024w\" sizes=\"auto, (max-width: 300px) 100vw, 300px\" \/><\/a><br \/>\nAnsprache von Esther Bejarano &#8211; Foto r.f.<\/p>\n<p>Mitschnitt des Finale : <a href=\"https:\/\/www.youtube.com\/watch?v=KAm-8Zj_e-A&amp;feature=youtu.be\" target=\"_blank\" rel=\"noopener noreferrer\">https:\/\/www.youtube.com\/watch?v=KAm-8Zj_e-A&amp;feature=youtu.be<\/a><\/p>\n<p><strong>Interview mit Peter Gingold am 24.11.2005 im JuKuZ Aschaffenburg:<\/strong><\/p>\n<p><a href=\"https:\/\/www.attac-aschaffenburg.de\/fileadmin\/user_upload\/Gruppen\/Aschaffenburg\/gingold\/track01_begruessung.mp3\" target=\"_blank\" rel=\"noopener noreferrer\">Begr\u00fc\u00dfung<\/a><br \/>\n<a href=\"https:\/\/www.attac-aschaffenburg.de\/fileadmin\/user_upload\/Gruppen\/Aschaffenburg\/gingold\/track02_frage01_anfaenge_des_nationalsozialismus.mp3\" target=\"_blank\" rel=\"noopener noreferrer\">Frage 1 Anfaenge des Nationalsozialismus<\/a><br \/>\n<a href=\"https:\/\/www.attac-aschaffenburg.de\/fileadmin\/user_upload\/Gruppen\/Aschaffenburg\/gingold\/track03_frage02_wie_hat_die_familie_reagiert.mp3\" target=\"_blank\" rel=\"noopener noreferrer\">Frage 2 Wie hat die Familie reagiert?<\/a><br \/>\n<a href=\"https:\/\/www.attac-aschaffenburg.de\/fileadmin\/user_upload\/Gruppen\/Aschaffenburg\/gingold\/track04_frage03-04_veraenderungen_ab_1933_emigration_der_familie.mp3\" target=\"_blank\" rel=\"noopener noreferrer\">Frage 3 u. 4 Veraenderungen ab 1933 &#8211; Emigration der Familie<\/a><br \/>\n<a href=\"https:\/\/www.attac-aschaffenburg.de\/fileadmin\/user_upload\/Gruppen\/Aschaffenburg\/gingold\/track05_frage05_illegaler_widerstand_in_nazi-deutschland.mp3\" target=\"_blank\" rel=\"noopener noreferrer\">Frage 5 Illegaler Widerstand in Nazi-Deutschland<\/a><br \/>\n<a href=\"https:\/\/www.attac-aschaffenburg.de\/fileadmin\/user_upload\/Gruppen\/Aschaffenburg\/gingold\/track06_frage06_erste_verhaftung1933.mp3\" target=\"_blank\" rel=\"noopener noreferrer\">Frage 6 Erste Verhaftung1933<\/a><br \/>\n<a href=\"https:\/\/www.attac-aschaffenburg.de\/fileadmin\/user_upload\/Gruppen\/Aschaffenburg\/gingold\/track07_frage07a_emigration_nach_frankreich.mp3\" target=\"_blank\" rel=\"noopener noreferrer\">Frage 7 a) Emigration nach Frankreich<\/a><br \/>\n<a href=\"https:\/\/www.attac-aschaffenburg.de\/fileadmin\/user_upload\/Gruppen\/Aschaffenburg\/gingold\/track08_frage07b_zusammenarbeit_mit_sozialdemokraten_im_exil.mp3\" target=\"_blank\" rel=\"noopener noreferrer\">Frage 7 b) Zusammenarbeit mit Sozialdemokraten im Exil<\/a><br \/>\n<a href=\"http:\/\/track09_frage08_was_habt_ihr_in_frankreich_gemacht.mp3\" target=\"_blank\" rel=\"noopener noreferrer\">Frage 8 Was habt ihr in Frankreich gemacht?<\/a><br \/>\n<a href=\"http:\/\/track10_frage09_wie_haben_die_franzosen_auf_euch_reagiert.mp3\" target=\"_blank\" rel=\"noopener noreferrer\">Frage 9 Wie haben die Franzosen auf euch reagiert?<\/a><br \/>\n<a href=\"https:\/\/www.attac-aschaffenburg.de\/fileadmin\/user_upload\/Gruppen\/Aschaffenburg\/gingold\/track11_frage10_krieg_und_resistance.mp3\" target=\"_blank\" rel=\"noopener noreferrer\">Frage 10 Krieg und Resistance<\/a><br \/>\n<a href=\"https:\/\/www.attac-aschaffenburg.de\/fileadmin\/user_upload\/Gruppen\/Aschaffenburg\/gingold\/track12_frage11_verhaftung_folter_flucht1943.mp3\" target=\"_blank\" rel=\"noopener noreferrer\">Frage 11 Verhaftung Folter &#8211;\u00a0 Flucht1943<\/a><br \/>\n<a href=\"https:\/\/www.attac-aschaffenburg.de\/fileadmin\/user_upload\/Gruppen\/Aschaffenburg\/gingold\/track13_frage12_aufstand_und_befreiung.mp3\" target=\"_blank\" rel=\"noopener noreferrer\">Frage 12 Aufstand und Befreiung<\/a><\/p>\n<p>Podcast&#8220;Aschaffenburger Geschichten&#8220; Episode 21:<br \/>\nWiderstandsk\u00e4mpfer Peter Gingold, 13.09.2022<\/p>\n<p><iframe title=\"Spotify Embed: Episode 21: Widerstandsk\u00e4mpfer Peter Gingold\" style=\"border-radius: 12px\" width=\"100%\" height=\"152\" frameborder=\"0\" allowfullscreen allow=\"autoplay; clipboard-write; encrypted-media; fullscreen; picture-in-picture\" loading=\"lazy\" src=\"https:\/\/open.spotify.com\/embed\/episode\/0Hu51jNXRuDq0T9tBQ21wk?si=-sVLReyLQnSEU9zb2inMlA&amp;utm_source=oembed\"><\/iframe><\/p>\n<\/div>\n","protected":false},"excerpt":{"rendered":"<p>Peter Gingold, Aschaffenburg, JuKuZ, 24.11.2005 \u201eNie wieder Faschismus \u2013 Nie wieder Krieg!\u201c \u2013 dies war die Maxime, die Peter Gingold nie aufgab. Am 8. M\u00e4rz 1916 als Sohn einer aus Polen emigrierten ju\u0308dischen Familie in Aschaffenburg geboren, zog seine Famile Ende der 20er Jahre nach Frankfurt. Peter organisierte sich fr\u00fch im kommunistischen Jugendverband. Mit der<\/p><\/div>\n<div class=\"blog-btn\"><a href=\"http:\/\/bgr-ab-mil.de\/?page_id=152\" class=\"home-blog-btn\">Weiterlesen<\/a><\/p>\n","protected":false},"author":1,"featured_media":0,"parent":0,"menu_order":0,"comment_status":"closed","ping_status":"closed","template":"","meta":{"footnotes":""},"class_list":["post-152","page","type-page","status-publish","hentry"],"_links":{"self":[{"href":"http:\/\/bgr-ab-mil.de\/index.php?rest_route=\/wp\/v2\/pages\/152","targetHints":{"allow":["GET"]}}],"collection":[{"href":"http:\/\/bgr-ab-mil.de\/index.php?rest_route=\/wp\/v2\/pages"}],"about":[{"href":"http:\/\/bgr-ab-mil.de\/index.php?rest_route=\/wp\/v2\/types\/page"}],"author":[{"embeddable":true,"href":"http:\/\/bgr-ab-mil.de\/index.php?rest_route=\/wp\/v2\/users\/1"}],"replies":[{"embeddable":true,"href":"http:\/\/bgr-ab-mil.de\/index.php?rest_route=%2Fwp%2Fv2%2Fcomments&post=152"}],"version-history":[{"count":14,"href":"http:\/\/bgr-ab-mil.de\/index.php?rest_route=\/wp\/v2\/pages\/152\/revisions"}],"predecessor-version":[{"id":1278,"href":"http:\/\/bgr-ab-mil.de\/index.php?rest_route=\/wp\/v2\/pages\/152\/revisions\/1278"}],"wp:attachment":[{"href":"http:\/\/bgr-ab-mil.de\/index.php?rest_route=%2Fwp%2Fv2%2Fmedia&parent=152"}],"curies":[{"name":"wp","href":"https:\/\/api.w.org\/{rel}","templated":true}]}}